{"id":92,"date":"2021-07-27T21:43:22","date_gmt":"2021-07-28T02:43:22","guid":{"rendered":"https:\/\/ninezprimero.info\/?page_id=92"},"modified":"2021-07-27T21:43:23","modified_gmt":"2021-07-28T02:43:23","slug":"crea-contenido","status":"publish","type":"page","link":"https:\/\/ninezprimero.info\/en_us\/crea-contenido\/","title":{"rendered":"Create Content"},"content":{"rendered":"","protected":false},"excerpt":{"rendered":"","protected":false},"author":1,"featured_media":0,"parent":0,"menu_order":0,"comment_status":"closed","ping_status":"closed","template":"","meta":{"_et_pb_use_builder":"","_et_pb_old_content":"","_et_gb_content_width":"","inline_featured_image":false,"footnotes":""},"class_list":["post-92","page","type-page","status-publish","hentry"],"yoast_head":"<!-- This site is optimized with the Yoast SEO Premium plugin v16.2 (Yoast SEO v25.4) - https:\/\/yoast.com\/wordpress\/plugins\/seo\/ -->\n<title>Crea Contenido - #Ni\u00f1ezPrimero<\/title>\n<meta name=\"robots\" content=\"index, follow, max-snippet:-1, max-image-preview:large, max-video-preview:-1\" \/>\n<link rel=\"canonical\" href=\"https:\/\/ninezprimero.info\/en_us\/crea-contenido\/\" \/>\n<meta property=\"og:locale\" content=\"en_US\" \/>\n<meta property=\"og:type\" content=\"article\" \/>\n<meta property=\"og:title\" content=\"Crea Contenido - #Ni\u00f1ezPrimero\" \/>\n<meta property=\"og:url\" content=\"https:\/\/ninezprimero.info\/en_us\/crea-contenido\/\" \/>\n<meta property=\"og:site_name\" content=\"#Ni\u00f1ezPrimero\" \/>\n<meta property=\"article:modified_time\" content=\"2021-07-28T02:43:23+00:00\" \/>\n<meta name=\"twitter:card\" content=\"summary_large_image\" \/>\n<script type=\"application\/ld+json\" class=\"yoast-schema-graph\">{\"@context\":\"https:\/\/schema.org\",\"@graph\":[{\"@type\":\"WebPage\",\"@id\":\"https:\/\/ninezprimero.info\/crea-contenido\/\",\"url\":\"https:\/\/ninezprimero.info\/crea-contenido\/\",\"name\":\"Crea Contenido - #Ni\u00f1ezPrimero\",\"isPartOf\":{\"@id\":\"https:\/\/ninezprimero.info\/#website\"},\"datePublished\":\"2021-07-28T02:43:22+00:00\",\"dateModified\":\"2021-07-28T02:43:23+00:00\",\"breadcrumb\":{\"@id\":\"https:\/\/ninezprimero.info\/crea-contenido\/#breadcrumb\"},\"inLanguage\":\"en-US\",\"potentialAction\":[{\"@type\":\"ReadAction\",\"target\":[\"https:\/\/ninezprimero.info\/crea-contenido\/\"]}]},{\"@type\":\"BreadcrumbList\",\"@id\":\"https:\/\/ninezprimero.info\/crea-contenido\/#breadcrumb\",\"itemListElement\":[{\"@type\":\"ListItem\",\"position\":1,\"name\":\"Inicio\",\"item\":\"https:\/\/ninezprimero.info\/\"},{\"@type\":\"ListItem\",\"position\":2,\"name\":\"Crea Contenido\"}]},{\"@type\":\"WebSite\",\"@id\":\"https:\/\/ninezprimero.info\/#website\",\"url\":\"https:\/\/ninezprimero.info\/\",\"name\":\"#Ni\u00f1ezPrimero\",\"description\":\"Estimulando la ciudadan\u00eda digital de ni\u00f1as, ni\u00f1os y adolescentes ante situaciones de emergencia\",\"potentialAction\":[{\"@type\":\"SearchAction\",\"target\":{\"@type\":\"EntryPoint\",\"urlTemplate\":\"https:\/\/ninezprimero.info\/?s={search_term_string}\"},\"query-input\":{\"@type\":\"PropertyValueSpecification\",\"valueRequired\":true,\"valueName\":\"search_term_string\"}}],\"inLanguage\":\"en-US\"}]}<\/script>\n<!-- \/ Yoast SEO Premium plugin. -->","yoast_head_json":{"title":"Crea Contenido - #Ni\u00f1ezPrimero","robots":{"index":"index","follow":"follow","max-snippet":"max-snippet:-1","max-image-preview":"max-image-preview:large","max-video-preview":"max-video-preview:-1"},"canonical":"https:\/\/ninezprimero.info\/en_us\/crea-contenido\/","og_locale":"en_US","og_type":"article","og_title":"Crea Contenido - #Ni\u00f1ezPrimero","og_url":"https:\/\/ninezprimero.info\/en_us\/crea-contenido\/","og_site_name":"#Ni\u00f1ezPrimero","article_modified_time":"2021-07-28T02:43:23+00:00","twitter_card":"summary_large_image","schema":{"@context":"https:\/\/schema.org","@graph":[{"@type":"WebPage","@id":"https:\/\/ninezprimero.info\/crea-contenido\/","url":"https:\/\/ninezprimero.info\/crea-contenido\/","name":"Crea Contenido - #Ni\u00f1ezPrimero","isPartOf":{"@id":"https:\/\/ninezprimero.info\/#website"},"datePublished":"2021-07-28T02:43:22+00:00","dateModified":"2021-07-28T02:43:23+00:00","breadcrumb":{"@id":"https:\/\/ninezprimero.info\/crea-contenido\/#breadcrumb"},"inLanguage":"en-US","potentialAction":[{"@type":"ReadAction","target":["https:\/\/ninezprimero.info\/crea-contenido\/"]}]},{"@type":"BreadcrumbList","@id":"https:\/\/ninezprimero.info\/crea-contenido\/#breadcrumb","itemListElement":[{"@type":"ListItem","position":1,"name":"Inicio","item":"https:\/\/ninezprimero.info\/"},{"@type":"ListItem","position":2,"name":"Crea Contenido"}]},{"@type":"WebSite","@id":"https:\/\/ninezprimero.info\/#website","url":"https:\/\/ninezprimero.info\/","name":"#Ni\u00f1ezPrimero","description":"Estimulando la ciudadan\u00eda digital de ni\u00f1as, ni\u00f1os y adolescentes ante situaciones de emergencia","potentialAction":[{"@type":"SearchAction","target":{"@type":"EntryPoint","urlTemplate":"https:\/\/ninezprimero.info\/?s={search_term_string}"},"query-input":{"@type":"PropertyValueSpecification","valueRequired":true,"valueName":"search_term_string"}}],"inLanguage":"en-US"}]}},"_links":{"self":[{"href":"https:\/\/ninezprimero.info\/en_us\/wp-json\/wp\/v2\/pages\/92","targetHints":{"allow":["GET"]}}],"collection":[{"href":"https:\/\/ninezprimero.info\/en_us\/wp-json\/wp\/v2\/pages"}],"about":[{"href":"https:\/\/ninezprimero.info\/en_us\/wp-json\/wp\/v2\/types\/page"}],"author":[{"embeddable":true,"href":"https:\/\/ninezprimero.info\/en_us\/wp-json\/wp\/v2\/users\/1"}],"replies":[{"embeddable":true,"href":"https:\/\/ninezprimero.info\/en_us\/wp-json\/wp\/v2\/comments?post=92"}],"version-history":[{"count":1,"href":"https:\/\/ninezprimero.info\/en_us\/wp-json\/wp\/v2\/pages\/92\/revisions"}],"predecessor-version":[{"id":93,"href":"https:\/\/ninezprimero.info\/en_us\/wp-json\/wp\/v2\/pages\/92\/revisions\/93"}],"wp:attachment":[{"href":"https:\/\/ninezprimero.info\/en_us\/wp-json\/wp\/v2\/media?parent=92"}],"curies":[{"name":"wp","href":"https:\/\/api.w.org\/{rel}","templated":true}]}}